{"id":288,"date":"2018-12-10T13:05:32","date_gmt":"2018-12-10T13:05:32","guid":{"rendered":"http:\/\/colingua.eu\/?page_id=288"},"modified":"2022-10-28T17:22:04","modified_gmt":"2022-10-28T16:22:04","slug":"nahuatl","status":"publish","type":"page","link":"http:\/\/colingua.home.amu.edu.pl\/es\/teaching-materials-2\/nahuatl\/","title":{"rendered":"N\u00e1huatl"},"content":{"rendered":"<p>N\u00e1huatl, conocido hist\u00f3ricamente como azteca, es una lengua o una agrupaci\u00f3n ling\u00fc\u00edstica de la familia uto-azteca. Variedades de n\u00e1huatl son habladas por cerca de 1,7 millones de nahuas, la mayor\u00eda en la parte central de M\u00e9xico. N\u00e1huatl ha sido hablado en el centro de M\u00e9xico desde al menos el siglo XVII.<\/p>","protected":false},"excerpt":{"rendered":"<p>N\u00e1huatl, conocido hist\u00f3ricamente como azteca, es una lengua o una agrupaci\u00f3n ling\u00fc\u00edstica de la familia uto-azteca. Variedades de n\u00e1huatl son habladas por cerca de 1,7 millones de nahuas, la mayor\u00eda en la parte central de M\u00e9xico. N\u00e1huatl ha sido hablado en el centro de M\u00e9xico desde al menos el siglo XVII.<\/p>\n","protected":false},"author":5,"featured_media":730,"parent":147,"menu_order":0,"comment_status":"closed","ping_status":"closed","template":"page-templates\/teaching-materials-category-template.php","meta":[],"_links":{"self":[{"href":"http:\/\/colingua.home.amu.edu.pl\/es\/wp-json\/wp\/v2\/pages\/288"}],"collection":[{"href":"http:\/\/colingua.home.amu.edu.pl\/es\/wp-json\/wp\/v2\/pages"}],"about":[{"href":"http:\/\/colingua.home.amu.edu.pl\/es\/wp-json\/wp\/v2\/types\/page"}],"author":[{"embeddable":true,"href":"http:\/\/colingua.home.amu.edu.pl\/es\/wp-json\/wp\/v2\/users\/5"}],"replies":[{"embeddable":true,"href":"http:\/\/colingua.home.amu.edu.pl\/es\/wp-json\/wp\/v2\/comments?post=288"}],"version-history":[{"count":30,"href":"http:\/\/colingua.home.amu.edu.pl\/es\/wp-json\/wp\/v2\/pages\/288\/revisions"}],"predecessor-version":[{"id":2573,"href":"http:\/\/colingua.home.amu.edu.pl\/es\/wp-json\/wp\/v2\/pages\/288\/revisions\/2573"}],"up":[{"embeddable":true,"href":"http:\/\/colingua.home.amu.edu.pl\/es\/wp-json\/wp\/v2\/pages\/147"}],"wp:featuredmedia":[{"embeddable":true,"href":"http:\/\/colingua.home.amu.edu.pl\/es\/wp-json\/wp\/v2\/media\/730"}],"wp:attachment":[{"href":"http:\/\/colingua.home.amu.edu.pl\/es\/wp-json\/wp\/v2\/media?parent=288"}],"curies":[{"name":"wp","href":"https:\/\/api.w.org\/{rel}","templated":true}]}}